{"id":11705,"date":"2021-01-29T18:39:13","date_gmt":"2021-01-29T17:39:13","guid":{"rendered":"https:\/\/vinilosametros.com\/shop\/"},"modified":"2021-01-29T18:39:13","modified_gmt":"2021-01-29T17:39:13","slug":"shop","status":"publish","type":"page","link":"https:\/\/vinilosametros.com\/en\/shop\/","title":{"rendered":"Shop"},"content":{"rendered":"\nVinilos adhesivos por metros para forrar muebles, electrodomesticos y todo lo que imagines. Decora y renueva tu casa por poco dinero. Es muy f\u00e1cil, compras los metros que necesitas, los recibes seguidos en un rollo de vinilo y t\u00fa los recortas a las medidas que precises. Si tienes dudas, ll\u00e1manos al 93.368,42,53\n","protected":false},"excerpt":{"rendered":"<p>Vinilos adhesivos por metros para forrar muebles, electrodomesticos y todo lo que imagines. Decora y renueva tu casa por poco dinero. Es muy f\u00e1cil, compras los metros que necesitas, los recibes seguidos en un rollo de vinilo y t\u00fa los recortas a las medidas que precises. Si tienes dudas, ll\u00e1manos al 93.368,42,53<\/p>\n","protected":false},"author":1,"featured_media":0,"parent":0,"menu_order":0,"comment_status":"closed","ping_status":"closed","template":"","meta":{"_exactmetrics_skip_tracking":false,"_exactmetrics_sitenote_active":false,"_exactmetrics_sitenote_note":"","_exactmetrics_sitenote_category":0,"jetpack_post_was_ever_published":false,"footnotes":""},"class_list":["post-11705","page","type-page","status-publish","hentry"],"jetpack_sharing_enabled":true,"jetpack_shortlink":"https:\/\/wp.me\/P9Te27-32N","jetpack_likes_enabled":true,"_links":{"self":[{"href":"https:\/\/vinilosametros.com\/en\/wp-json\/wp\/v2\/pages\/11705","targetHints":{"allow":["GET"]}}],"collection":[{"href":"https:\/\/vinilosametros.com\/en\/wp-json\/wp\/v2\/pages"}],"about":[{"href":"https:\/\/vinilosametros.com\/en\/wp-json\/wp\/v2\/types\/page"}],"author":[{"embeddable":true,"href":"https:\/\/vinilosametros.com\/en\/wp-json\/wp\/v2\/users\/1"}],"replies":[{"embeddable":true,"href":"https:\/\/vinilosametros.com\/en\/wp-json\/wp\/v2\/comments?post=11705"}],"version-history":[{"count":0,"href":"https:\/\/vinilosametros.com\/en\/wp-json\/wp\/v2\/pages\/11705\/revisions"}],"wp:attachment":[{"href":"https:\/\/vinilosametros.com\/en\/wp-json\/wp\/v2\/media?parent=11705"}],"curies":[{"name":"wp","href":"https:\/\/api.w.org\/{rel}","templated":true}]}}